{"id":5377,"date":"2025-12-02T13:49:02","date_gmt":"2025-12-02T13:49:02","guid":{"rendered":"http:\/\/detnyfynske.dk\/?page_id=5377"},"modified":"2025-12-10T15:01:10","modified_gmt":"2025-12-10T15:01:10","slug":"book-os-2","status":"publish","type":"page","link":"https:\/\/test.detnyfynske.dk\/index.php\/book-os-2\/","title":{"rendered":"Book os"},"content":{"rendered":"<p><div class=\"fusion-fullwidth fullwidth-box fusion-builder-row-1 fusion-flex-container has-pattern-background has-mask-background fusion-parallax-none nonhundred-percent-fullwidth non-hundred-percent-height-scrolling\" style=\"--link_color: var(--awb-color7);--awb-border-radius-top-left:0px;--awb-border-radius-top-right:0px;--awb-border-radius-bottom-right:0px;--awb-border-radius-bottom-left:0px;--awb-padding-bottom:0px;--awb-padding-top-small:60px;--awb-margin-top:-60px;--awb-margin-bottom:30px;--awb-margin-bottom-medium:60px;--awb-min-height:400px;--awb-min-height-small:350px;--awb-background-image:linear-gradient(167deg, var(--awb-color7) 60%,rgba(255,255,255,0) 0%),url(https:\/\/test.detnyfynske.dk\/wp-content\/uploads\/2025\/12\/hero-scaled-e1764927530562.jpg);;--awb-background-size:cover;--awb-flex-wrap:wrap;\" ><div class=\"fusion-builder-row fusion-row fusion-flex-align-items-flex-start fusion-flex-content-wrap\" style=\"max-width:1248px;margin-left: calc(-4% \/ 2 );margin-right: calc(-4% \/ 2 );\"><div class=\"fusion-layout-column fusion_builder_column fusion-builder-column-0 fusion_builder_column_1_1 1_1 fusion-flex-column fusion-flex-align-self-center\" style=\"--awb-bg-size:cover;--awb-width-large:100%;--awb-margin-top-large:0px;--awb-spacing-right-large:1.92%;--awb-margin-bottom-large:0px;--awb-spacing-left-large:1.92%;--awb-width-medium:100%;--awb-order-medium:0;--awb-spacing-right-medium:1.92%;--awb-spacing-left-medium:1.92%;--awb-width-small:100%;--awb-order-small:0;--awb-margin-top-small:0px;--awb-spacing-right-small:1.92%;--awb-margin-bottom-small:100px;--awb-spacing-left-small:1.92%;\"><div class=\"fusion-column-wrapper fusion-column-has-shadow fusion-flex-justify-content-flex-start fusion-content-layout-column\"><div class=\"fusion-title title fusion-title-1 fusion-sep-none fusion-title-text fusion-title-size-one\" style=\"--awb-text-color:var(--awb-color3);\"><h1 class=\"fusion-title-heading title-heading-left fusion-responsive-typography-calculated\" style=\"margin:0;--fontSize:56;line-height:1.03;\"><h1>Book os<\/h1><\/h1><\/div><\/div><\/div><\/div><\/div><div class=\"fusion-fullwidth fullwidth-box fusion-builder-row-2 fusion-flex-container has-pattern-background has-mask-background nonhundred-percent-fullwidth non-hundred-percent-height-scrolling\" style=\"--awb-border-radius-top-left:0px;--awb-border-radius-top-right:0px;--awb-border-radius-bottom-right:0px;--awb-border-radius-bottom-left:0px;--awb-padding-bottom:0px;--awb-margin-bottom:60px;--awb-margin-top-small:30px;--awb-flex-wrap:wrap;\" ><div class=\"fusion-builder-row fusion-row fusion-flex-align-items-flex-start fusion-flex-content-wrap\" style=\"max-width:1248px;margin-left: calc(-4% \/ 2 );margin-right: calc(-4% \/ 2 );\"><div class=\"fusion-layout-column fusion_builder_column fusion-builder-column-1 fusion_builder_column_1_2 1_2 fusion-flex-column fusion-flex-align-self-stretch\" style=\"--awb-bg-size:;--awb-width-large:50%;--awb-margin-top-large:0px;--awb-spacing-right-large:3.84%;--awb-margin-bottom-large:0px;--awb-spacing-left-large:3.84%;--awb-width-medium:50%;--awb-order-medium:0;--awb-margin-top-medium:0;--awb-spacing-right-medium:3.84%;--awb-margin-bottom-medium:0;--awb-spacing-left-medium:3.84%;--awb-width-small:100%;--awb-order-small:1;--awb-spacing-right-small:1.92%;--awb-spacing-left-small:1.92%;\"><div class=\"fusion-column-wrapper fusion-column-has-shadow fusion-flex-justify-content-flex-start fusion-content-layout-column\"><div class=\"fusion-image-element sm-text-align-center\" style=\"--awb-aspect-ratio:1 \/ 1;--awb-margin-top:0px;--awb-margin-bottom:0px;--awb-margin-top-medium:0px;--awb-margin-bottom-medium:0px;--awb-caption-title-font-family:var(--h2_typography-font-family);--awb-caption-title-font-weight:var(--h2_typography-font-weight);--awb-caption-title-font-style:var(--h2_typography-font-style);--awb-caption-title-size:var(--h2_typography-font-size);--awb-caption-title-transform:var(--h2_typography-text-transform);--awb-caption-title-line-height:var(--h2_typography-line-height);--awb-caption-title-letter-spacing:var(--h2_typography-letter-spacing);\"><span class=\" fusion-imageframe imageframe-none imageframe-1 hover-type-none has-aspect-ratio large-image\" style=\"border:4px solid var(--awb-color6);border-radius:1000px;\"><img decoding=\"async\" width=\"800\" height=\"800\" alt=\"Otte smilende medlemmer st\u00e5r side om side med deres instrumenter i h\u00e5nden og poserer.\" title=\"DSC7354_3\" src=\"https:\/\/test.detnyfynske.dk\/wp-content\/uploads\/2025\/12\/DSC7354_3-2.jpg\" class=\"img-responsive wp-image-5558 img-with-aspect-ratio\" data-parent-fit=\"cover\" data-parent-container=\".fusion-image-element\" srcset=\"https:\/\/test.detnyfynske.dk\/wp-content\/uploads\/2025\/12\/DSC7354_3-2-600x600.jpg 600w, https:\/\/test.detnyfynske.dk\/wp-content\/uploads\/2025\/12\/DSC7354_3-2.jpg 800w\" sizes=\"(max-width: 500px) 100vw, 600px\" \/><\/span><\/div><div class=\"fusion-image-element sm-text-align-left\" style=\"text-align:right;--awb-aspect-ratio:1 \/ 1;--awb-margin-top:-180px;--awb-margin-top-small:-120px;--awb-max-width:240px;--awb-caption-title-font-family:var(--h2_typography-font-family);--awb-caption-title-font-weight:var(--h2_typography-font-weight);--awb-caption-title-font-style:var(--h2_typography-font-style);--awb-caption-title-size:var(--h2_typography-font-size);--awb-caption-title-transform:var(--h2_typography-text-transform);--awb-caption-title-line-height:var(--h2_typography-line-height);--awb-caption-title-letter-spacing:var(--h2_typography-letter-spacing);\"><div style=\"display:inline-block;width:240px;\"><span class=\" fusion-imageframe imageframe-none imageframe-2 hover-type-none has-aspect-ratio small-image\" style=\"border:3px solid var(--awb-color3);border-radius:1000px;z-index:2;\"><img decoding=\"async\" width=\"1000\" height=\"1000\" title=\"_DSC7333\" src=\"https:\/\/test.detnyfynske.dk\/wp-content\/uploads\/2025\/12\/DSC7333.jpg\" class=\"img-responsive wp-image-5586 img-with-aspect-ratio\" data-parent-fit=\"cover\" data-parent-container=\".fusion-image-element\" alt srcset=\"https:\/\/test.detnyfynske.dk\/wp-content\/uploads\/2025\/12\/DSC7333-600x600.jpg 600w, https:\/\/test.detnyfynske.dk\/wp-content\/uploads\/2025\/12\/DSC7333.jpg 1000w\" sizes=\"(max-width: 500px) 100vw, 600px\" \/><\/span><\/div><\/div><\/div><\/div><div class=\"fusion-layout-column fusion_builder_column fusion-builder-column-2 fusion_builder_column_1_2 1_2 fusion-flex-column fusion-flex-align-self-center\" style=\"--awb-row-gap:12px;--awb-bg-size:cover;--awb-width-large:50%;--awb-margin-top-large:0px;--awb-spacing-right-large:3.84%;--awb-margin-bottom-large:20px;--awb-spacing-left-large:3.84%;--awb-width-medium:50%;--awb-order-medium:0;--awb-spacing-right-medium:3.84%;--awb-spacing-left-medium:3.84%;--awb-width-small:100%;--awb-order-small:0;--awb-spacing-right-small:1.92%;--awb-spacing-left-small:1.92%;\"><div class=\"fusion-column-wrapper fusion-column-has-shadow fusion-flex-justify-content-flex-start fusion-content-layout-column\"><div class=\"fusion-title title fusion-title-2 fusion-sep-none fusion-title-text fusion-title-size-two\" style=\"--awb-text-color:var(--awb-color8);--awb-margin-top:0px;--awb-margin-bottom:0px;--awb-margin-top-small:0px;--awb-margin-bottom-small:0px;\"><h2 class=\"fusion-title-heading title-heading-left fusion-responsive-typography-calculated\" style=\"margin:0;--fontSize:30;line-height:1.2;\">Book os til dit n\u00e6ste event<\/h2><\/div><div class=\"fusion-text fusion-text-1 fusion-text-no-margin\" style=\"--awb-text-color:var(--awb-color8);\"><p>Tambourkorpset tilbyder <strong>musikalske optr\u00e6dener<\/strong>, <strong>der skaber stemning<\/strong> og energi til b\u00e5de store og sm\u00e5 begivenheder. Vi kan enten <strong>marchere eller spille koncert<\/strong> afh\u00e6ngigt af arrangementets karakter.<\/p>\n<\/div><div class=\"fusion-text fusion-text-2 fusion-text-no-margin\"><p>En optr\u00e6den varer <strong>ca. 20 minutter<\/strong> og <strong>koster 1.500 kr.<\/strong> ekskl. transport.<br \/>Vores tambourkorps leverer en oplevelse fyldt med <strong>musik, rytme og godt hum\u00f8r<\/strong>, perfekt til byfester, receptioner, markeder og andre festlige lejligheder.<\/p>\n<\/div><div style=\"text-align:right;\"><a class=\"fusion-button button-flat fusion-button-default-size button-default fusion-button-default button-1 fusion-button-default-span fusion-button-default-type custom-default-button\" target=\"_self\" href=\"https:\/\/test.detnyfynske.dk\/index.php\/kontakt-2\/\"><span class=\"fusion-button-text awb-button__text awb-button__text--default\">Kontakt os<\/span><\/a><\/div><\/div><\/div><\/div><\/div><div class=\"fusion-fullwidth fullwidth-box fusion-builder-row-3 fusion-flex-container has-pattern-background has-mask-background nonhundred-percent-fullwidth non-hundred-percent-height-scrolling\" style=\"--awb-border-radius-top-left:0px;--awb-border-radius-top-right:0px;--awb-border-radius-bottom-right:0px;--awb-border-radius-bottom-left:0px;--awb-margin-bottom:60px;--awb-flex-wrap:wrap;\" ><div class=\"fusion-builder-row fusion-row fusion-flex-align-items-flex-start fusion-flex-content-wrap\" style=\"max-width:1248px;margin-left: calc(-4% \/ 2 );margin-right: calc(-4% \/ 2 );\"><div class=\"fusion-layout-column fusion_builder_column fusion-builder-column-3 fusion_builder_column_1_1 1_1 fusion-flex-column\" style=\"--awb-row-gap:20px;--awb-row-gap-small:10px;--awb-bg-size:cover;--awb-width-large:100%;--awb-margin-top-large:0px;--awb-spacing-right-large:1.92%;--awb-margin-bottom-large:0px;--awb-spacing-left-large:1.92%;--awb-width-medium:100%;--awb-order-medium:0;--awb-spacing-right-medium:1.92%;--awb-spacing-left-medium:1.92%;--awb-width-small:100%;--awb-order-small:0;--awb-spacing-right-small:1.92%;--awb-spacing-left-small:1.92%;\"><div class=\"fusion-column-wrapper fusion-column-has-shadow fusion-flex-justify-content-flex-start fusion-content-layout-column\"><div class=\"fusion-image-element sm-text-align-center fusion-no-small-visibility\" style=\"--awb-caption-title-font-family:var(--h2_typography-font-family);--awb-caption-title-font-weight:var(--h2_typography-font-weight);--awb-caption-title-font-style:var(--h2_typography-font-style);--awb-caption-title-size:var(--h2_typography-font-size);--awb-caption-title-transform:var(--h2_typography-text-transform);--awb-caption-title-line-height:var(--h2_typography-line-height);--awb-caption-title-letter-spacing:var(--h2_typography-letter-spacing);\"><span class=\" fusion-imageframe imageframe-none imageframe-3 hover-type-none\"><img decoding=\"async\" width=\"1200\" height=\"20\" title=\"Group 30\" src=\"https:\/\/test.detnyfynske.dk\/wp-content\/uploads\/2025\/12\/Group-30.png\" alt class=\"img-responsive wp-image-5340\" srcset=\"https:\/\/test.detnyfynske.dk\/wp-content\/uploads\/2025\/12\/Group-30-600x10.png 600w, https:\/\/test.detnyfynske.dk\/wp-content\/uploads\/2025\/12\/Group-30.png 1200w\" sizes=\"(max-width: 500px) 100vw, 1200px\" \/><\/span><\/div><div class=\"fusion-image-element sm-text-align-center fusion-no-medium-visibility fusion-no-large-visibility\" style=\"--awb-caption-title-font-family:var(--h2_typography-font-family);--awb-caption-title-font-weight:var(--h2_typography-font-weight);--awb-caption-title-font-style:var(--h2_typography-font-style);--awb-caption-title-size:var(--h2_typography-font-size);--awb-caption-title-transform:var(--h2_typography-text-transform);--awb-caption-title-line-height:var(--h2_typography-line-height);--awb-caption-title-letter-spacing:var(--h2_typography-letter-spacing);\"><span class=\" fusion-imageframe imageframe-none imageframe-4 hover-type-none\"><img decoding=\"async\" width=\"390\" height=\"21\" title=\"mobile-horizontale-linjer-top\" src=\"https:\/\/test.detnyfynske.dk\/wp-content\/uploads\/2025\/12\/mobile-horizontale-linjer-top.png\" alt class=\"img-responsive wp-image-5658\"\/><\/span><\/div><div class=\"fusion-title title fusion-title-3 fusion-sep-none fusion-title-center fusion-title-text fusion-title-size-three\" style=\"--awb-text-color:var(--awb-color8);--awb-margin-top:0px;--awb-margin-bottom:0px;\"><h3 class=\"fusion-title-heading title-heading-center fusion-responsive-typography-calculated\" style=\"margin:0;--fontSize:24;line-height:1.17;\"><em>\u201cDet er en unik f\u00f8lelse og giver s\u00e5 meget gl\u00e6de n\u00e5r man ser folk lytte og nyde ens opvisning.\u201d<\/em><\/h3><\/div><div class=\"fusion-title title fusion-title-4 fusion-sep-none fusion-title-center fusion-title-text fusion-title-size-four\" style=\"--awb-text-color:var(--awb-color1);\"><h4 class=\"fusion-title-heading title-heading-center fusion-responsive-typography-calculated\" style=\"margin:0;--fontSize:18;line-height:1.22;\">&#8211; Sarah 26 \u00e5r, marchfl\u00f8jte<\/h4><\/div><div class=\"fusion-image-element sm-text-align-center fusion-no-medium-visibility fusion-no-large-visibility\" style=\"--awb-caption-title-font-family:var(--h2_typography-font-family);--awb-caption-title-font-weight:var(--h2_typography-font-weight);--awb-caption-title-font-style:var(--h2_typography-font-style);--awb-caption-title-size:var(--h2_typography-font-size);--awb-caption-title-transform:var(--h2_typography-text-transform);--awb-caption-title-line-height:var(--h2_typography-line-height);--awb-caption-title-letter-spacing:var(--h2_typography-letter-spacing);\"><span class=\" fusion-imageframe imageframe-none imageframe-5 hover-type-none\"><img decoding=\"async\" width=\"390\" height=\"21\" title=\"mobile-horizontale-linjer-bund\" src=\"https:\/\/test.detnyfynske.dk\/wp-content\/uploads\/2025\/12\/mobile-horizontale-linjer-bund.png\" alt class=\"img-responsive wp-image-5659\"\/><\/span><\/div><div class=\"fusion-image-element fusion-no-small-visibility\" style=\"--awb-caption-title-font-family:var(--h2_typography-font-family);--awb-caption-title-font-weight:var(--h2_typography-font-weight);--awb-caption-title-font-style:var(--h2_typography-font-style);--awb-caption-title-size:var(--h2_typography-font-size);--awb-caption-title-transform:var(--h2_typography-text-transform);--awb-caption-title-line-height:var(--h2_typography-line-height);--awb-caption-title-letter-spacing:var(--h2_typography-letter-spacing);\"><span class=\" fusion-imageframe imageframe-none imageframe-6 hover-type-none\"><img decoding=\"async\" width=\"1200\" height=\"20\" title=\"Group 30 &#8211; omvendt\" src=\"https:\/\/test.detnyfynske.dk\/wp-content\/uploads\/2025\/12\/Group-30-omvendt.png\" alt class=\"img-responsive wp-image-5341\" srcset=\"https:\/\/test.detnyfynske.dk\/wp-content\/uploads\/2025\/12\/Group-30-omvendt-600x10.png 600w, https:\/\/test.detnyfynske.dk\/wp-content\/uploads\/2025\/12\/Group-30-omvendt.png 1200w\" sizes=\"(max-width: 500px) 100vw, 1200px\" \/><\/span><\/div><\/div><\/div><\/div><\/div><\/p>\n","protected":false},"excerpt":{"rendered":"","protected":false},"author":1,"featured_media":0,"parent":0,"menu_order":0,"comment_status":"closed","ping_status":"closed","template":"100-width.php","meta":{"_acf_changed":false,"inline_featured_image":false,"footnotes":""},"class_list":["post-5377","page","type-page","status-publish","hentry"],"acf":[],"yoast_head":"<!-- This site is optimized with the Yoast SEO plugin v26.5 - https:\/\/yoast.com\/wordpress\/plugins\/seo\/ -->\n<title>Book os - Det Ny Fynske Tambourkorps<\/title>\n<meta name=\"robots\" content=\"noindex, follow, max-snippet:-1, max-image-preview:large, max-video-preview:-1\" \/>\n<meta property=\"og:locale\" content=\"da_DK\" \/>\n<meta property=\"og:type\" content=\"article\" \/>\n<meta property=\"og:title\" content=\"Book os - Det Ny Fynske Tambourkorps\" \/>\n<meta property=\"og:url\" content=\"https:\/\/test.detnyfynske.dk\/index.php\/book-os-2\/\" \/>\n<meta property=\"og:site_name\" content=\"Det Ny Fynske Tambourkorps\" \/>\n<meta property=\"article:modified_time\" content=\"2025-12-10T15:01:10+00:00\" \/>\n<meta name=\"twitter:card\" content=\"summary_large_image\" \/>\n<meta name=\"twitter:label1\" content=\"Estimeret l\u00e6setid\" \/>\n\t<meta name=\"twitter:data1\" content=\"17 minutter\" \/>\n<script type=\"application\/ld+json\" class=\"yoast-schema-graph\">{\"@context\":\"https:\/\/schema.org\",\"@graph\":[{\"@type\":\"WebPage\",\"@id\":\"https:\/\/test.detnyfynske.dk\/index.php\/book-os-2\/\",\"url\":\"https:\/\/test.detnyfynske.dk\/index.php\/book-os-2\/\",\"name\":\"Book os - Det Ny Fynske Tambourkorps\",\"isPartOf\":{\"@id\":\"https:\/\/test.detnyfynske.dk\/#website\"},\"datePublished\":\"2025-12-02T13:49:02+00:00\",\"dateModified\":\"2025-12-10T15:01:10+00:00\",\"breadcrumb\":{\"@id\":\"https:\/\/test.detnyfynske.dk\/index.php\/book-os-2\/#breadcrumb\"},\"inLanguage\":\"da-DK\",\"potentialAction\":[{\"@type\":\"ReadAction\",\"target\":[\"https:\/\/test.detnyfynske.dk\/index.php\/book-os-2\/\"]}]},{\"@type\":\"BreadcrumbList\",\"@id\":\"https:\/\/test.detnyfynske.dk\/index.php\/book-os-2\/#breadcrumb\",\"itemListElement\":[{\"@type\":\"ListItem\",\"position\":1,\"name\":\"Hjem\",\"item\":\"https:\/\/test.detnyfynske.dk\/\"},{\"@type\":\"ListItem\",\"position\":2,\"name\":\"Book os\"}]},{\"@type\":\"WebSite\",\"@id\":\"https:\/\/test.detnyfynske.dk\/#website\",\"url\":\"https:\/\/test.detnyfynske.dk\/\",\"name\":\"Det Ny Fynske Tambourkorps\",\"description\":\"Tambourkorps af unge, for unge\",\"potentialAction\":[{\"@type\":\"SearchAction\",\"target\":{\"@type\":\"EntryPoint\",\"urlTemplate\":\"https:\/\/test.detnyfynske.dk\/?s={search_term_string}\"},\"query-input\":{\"@type\":\"PropertyValueSpecification\",\"valueRequired\":true,\"valueName\":\"search_term_string\"}}],\"inLanguage\":\"da-DK\"}]}<\/script>\n<!-- \/ Yoast SEO plugin. -->","yoast_head_json":{"title":"Book os - Det Ny Fynske Tambourkorps","robots":{"index":"noindex","follow":"follow","max-snippet":"max-snippet:-1","max-image-preview":"max-image-preview:large","max-video-preview":"max-video-preview:-1"},"og_locale":"da_DK","og_type":"article","og_title":"Book os - Det Ny Fynske Tambourkorps","og_url":"https:\/\/test.detnyfynske.dk\/index.php\/book-os-2\/","og_site_name":"Det Ny Fynske Tambourkorps","article_modified_time":"2025-12-10T15:01:10+00:00","twitter_card":"summary_large_image","twitter_misc":{"Estimeret l\u00e6setid":"17 minutter"},"schema":{"@context":"https:\/\/schema.org","@graph":[{"@type":"WebPage","@id":"https:\/\/test.detnyfynske.dk\/index.php\/book-os-2\/","url":"https:\/\/test.detnyfynske.dk\/index.php\/book-os-2\/","name":"Book os - Det Ny Fynske Tambourkorps","isPartOf":{"@id":"https:\/\/test.detnyfynske.dk\/#website"},"datePublished":"2025-12-02T13:49:02+00:00","dateModified":"2025-12-10T15:01:10+00:00","breadcrumb":{"@id":"https:\/\/test.detnyfynske.dk\/index.php\/book-os-2\/#breadcrumb"},"inLanguage":"da-DK","potentialAction":[{"@type":"ReadAction","target":["https:\/\/test.detnyfynske.dk\/index.php\/book-os-2\/"]}]},{"@type":"BreadcrumbList","@id":"https:\/\/test.detnyfynske.dk\/index.php\/book-os-2\/#breadcrumb","itemListElement":[{"@type":"ListItem","position":1,"name":"Hjem","item":"https:\/\/test.detnyfynske.dk\/"},{"@type":"ListItem","position":2,"name":"Book os"}]},{"@type":"WebSite","@id":"https:\/\/test.detnyfynske.dk\/#website","url":"https:\/\/test.detnyfynske.dk\/","name":"Det Ny Fynske Tambourkorps","description":"Tambourkorps af unge, for unge","potentialAction":[{"@type":"SearchAction","target":{"@type":"EntryPoint","urlTemplate":"https:\/\/test.detnyfynske.dk\/?s={search_term_string}"},"query-input":{"@type":"PropertyValueSpecification","valueRequired":true,"valueName":"search_term_string"}}],"inLanguage":"da-DK"}]}},"_links":{"self":[{"href":"https:\/\/test.detnyfynske.dk\/index.php\/wp-json\/wp\/v2\/pages\/5377","targetHints":{"allow":["GET"]}}],"collection":[{"href":"https:\/\/test.detnyfynske.dk\/index.php\/wp-json\/wp\/v2\/pages"}],"about":[{"href":"https:\/\/test.detnyfynske.dk\/index.php\/wp-json\/wp\/v2\/types\/page"}],"author":[{"embeddable":true,"href":"https:\/\/test.detnyfynske.dk\/index.php\/wp-json\/wp\/v2\/users\/1"}],"replies":[{"embeddable":true,"href":"https:\/\/test.detnyfynske.dk\/index.php\/wp-json\/wp\/v2\/comments?post=5377"}],"version-history":[{"count":19,"href":"https:\/\/test.detnyfynske.dk\/index.php\/wp-json\/wp\/v2\/pages\/5377\/revisions"}],"predecessor-version":[{"id":5910,"href":"https:\/\/test.detnyfynske.dk\/index.php\/wp-json\/wp\/v2\/pages\/5377\/revisions\/5910"}],"wp:attachment":[{"href":"https:\/\/test.detnyfynske.dk\/index.php\/wp-json\/wp\/v2\/media?parent=5377"}],"curies":[{"name":"wp","href":"https:\/\/api.w.org\/{rel}","templated":true}]}}